{"id":1437,"date":"2013-09-06T15:19:20","date_gmt":"2013-09-06T15:19:20","guid":{"rendered":"http:\/\/impreza.us-themes.net\/pages\/contact-2\/"},"modified":"2025-03-31T14:38:52","modified_gmt":"2025-03-31T20:38:52","slug":"contacto","status":"publish","type":"page","link":"https:\/\/draturner.com.mx\/us\/?page_id=1437","title":{"rendered":"Contact"},"content":{"rendered":"<section class=\"l-section wpb_row height_small\"><div class=\"l-section-h i-cf\"><div class=\"g-cols vc_row via_grid cols_1 laptops-cols_inherit tablets-cols_inherit mobiles-cols_1 valign_top type_default stacking_default\"><div class=\"wpb_column vc_column_container\"><div class=\"vc_column-inner\"><div class=\"wpb_text_column\"><div class=\"wpb_wrapper\"><p><iframe loading=\"lazy\" style=\"border: 0;\" src=\"https:\/\/www.google.com\/maps\/embed?pb=!1m14!1m8!1m3!1d14705.384293858517!2d-100.3344061!3d25.6470541!3m2!1i1024!2i768!4f13.1!3m3!1m2!1s0x8662be6cf41998b9%3A0x85d1e4912d3acf3c!2sHospital%20Zambrano%20Hellion%20TecSalud!5e1!3m2!1ses-419!2sus!4v1733410254159!5m2!1ses-419!2sus\" width=\"1200\" height=\"450\" allowfullscreen=\"allowfullscreen\"><\/iframe><\/p>\n<\/div><\/div><\/div><\/div><\/div><\/div><\/section><section class=\"l-section wpb_row height_small\"><div class=\"l-section-h i-cf\"><div class=\"g-cols vc_row via_grid cols_2 laptops-cols_inherit tablets-cols_inherit mobiles-cols_1 valign_top type_default stacking_default\" style=\"--gap:58px;\"><div class=\"wpb_column vc_column_container\"><div class=\"vc_column-inner\"><div class=\"w-iconbox iconpos_left style_circle color_primary align_left no_text\"><a href=\"tel:8188880854\" class=\"w-iconbox-link\" aria-label=\"81 8888-0854\"><div class=\"w-iconbox-icon\" style=\"font-size:18px;\"><i class=\"far fa-phone\"><\/i><\/div><\/a><div class=\"w-iconbox-meta\"><a href=\"tel:8188880854\" class=\"w-iconbox-link\" aria-label=\"81 8888-0854\"><p class=\"w-iconbox-title\">81 8888-0854<\/p><\/a><\/div><\/div><div class=\"w-separator size_small\"><\/div><div class=\"w-iconbox iconpos_left style_circle color_primary align_left no_text\"><a href=\"tel:8112812275\" class=\"w-iconbox-link\" aria-label=\"81 1281-2275\"><div class=\"w-iconbox-icon\" style=\"font-size:18px;\"><i class=\"fab fa-whatsapp\"><\/i><\/div><\/a><div class=\"w-iconbox-meta\"><a href=\"tel:8112812275\" class=\"w-iconbox-link\" aria-label=\"81 1281-2275\"><p class=\"w-iconbox-title\">81 1281-2275<\/p><\/a><\/div><\/div><div class=\"w-separator size_small\"><\/div><div class=\"w-iconbox iconpos_left style_circle color_primary align_left no_text\"><div class=\"w-iconbox-icon\" style=\"font-size:18px;\"><i class=\"far fa-map-marker-alt\"><\/i><\/div><div class=\"w-iconbox-meta\"><p class=\"w-iconbox-title\">Hospital Zambrano Hellion Batall\u00f3n de San Patricio 112, Piso 9, Consultorio 13, Col. Real San Agust\u00edn 66278 San Pedro Garza Garc\u00eda, Nuevo Le\u00f3n, M\u00e9xico.<\/p><\/div><\/div><\/div><\/div><div class=\"wpb_column vc_column_container\"><div class=\"vc_column-inner\"><div class=\"wpb_text_column\"><div class=\"wpb_wrapper\"><h4><strong>Send us a message<\/strong><\/h4>\n<\/div><\/div><div class=\"w-separator size_small\"><\/div><form class=\"w-form  layout_ver for_cform us_form_1\" autocomplete=\"off\" action=\"https:\/\/draturner.com.mx\/us\/us\/index.php?rest_route=%2Fwp%2Fv2%2Fpages%2F1437\" method=\"post\"><div class=\"w-form-h\"><div class=\"w-form-row for_text required with_icon\">\r\n\t\t<div class=\"w-form-row-field\">\r\n\t\t\t\t<i class=\"far fa-user\"><\/i>\t\t<input aria-label=\"Name\" type=\"text\" name=\"us_form_1_text_1\" value placeholder=\"Name *\" data-required=\"true\" aria-required=\"true\"\/>\r\n\t\t\t<\/div>\r\n\t\t<div class=\"w-form-row-state\">Fill out this field<\/div>\r\n<\/div>\r\n<div class=\"w-form-row for_text required with_icon\">\r\n\t\t<div class=\"w-form-row-field\">\r\n\t\t\t\t<i class=\"far fa-envelope\"><\/i>\t\t<input aria-label=\"Email\" type=\"text\" name=\"us_form_1_text_2\" value placeholder=\"Email *\" data-required=\"true\" aria-required=\"true\"\/>\r\n\t\t\t<\/div>\r\n\t\t<div class=\"w-form-row-state\">Fill out this field<\/div>\r\n<\/div>\r\n<div class=\"w-form-row for_text with_icon\">\r\n\t\t<div class=\"w-form-row-field\">\r\n\t\t\t\t<i class=\"far fa-phone\"><\/i>\t\t<input aria-label=\"Phone\" inputmode=\"tel\" type=\"text\" name=\"us_form_1_text_3\" value placeholder=\"Phone\"\/>\r\n\t\t\t<\/div>\r\n\t\t<div class=\"w-form-row-state\">Fill out this field<\/div>\r\n<\/div>\r\n<div class=\"w-form-row for_textarea with_icon\">\r\n\t\t<div class=\"w-form-row-field\">\r\n\t\t\t\t<i class=\"far fa-pencil\"><\/i>\t\t<textarea aria-label=\"Message\" name=\"us_form_1_textarea_1\" placeholder=\"Message\"><\/textarea>\r\n\t\t\t<\/div>\r\n\t\t<div class=\"w-form-row-state\">Fill out this field<\/div>\r\n<\/div>\r\n<input type=\"hidden\" name=\"action\" value=\"us_ajax_cform\" \/>\r\n<input type=\"hidden\" name=\"post_id\" value=\"0\" \/>\r\n<input type=\"hidden\" name=\"form_index\" value=\"1\" \/>\r\n<div class=\"w-form-row for_submit align_none\">\r\n\t<button class=\"w-btn  us-btn-style_1\" aria-label=\"Send us a message\" type=\"submit\">\r\n\t\t<span class=\"g-preloader type_1\"><\/span>\r\n\t\t\t\t<span class=\"w-btn-label\">Send us a message<\/span>\r\n\t\t\t<\/button>\r\n\t<\/div>\r\n<\/div><div class=\"w-form-message\"><\/div><div class=\"w-form-json hidden\" onclick='return {&quot;ajaxurl&quot;:&quot;https:\\\/\\\/draturner.com.mx\\\/us\\\/wp-admin\\\/admin-ajax.php&quot;,&quot;messages&quot;:{&quot;err_empty&quot;:&quot;Fill out this field&quot;,&quot;err_size&quot;:&quot;File size cannot exceed %s MB&quot;,&quot;err_extension&quot;:&quot;%s file type is not allowed&quot;}}'><\/div><\/form><\/div><\/div><\/div><\/div><\/section>\n","protected":false},"excerpt":{"rendered":"81 8888-085481 1281-2275Hospital Zambrano Hellion Batall\u00f3n de San Patricio 112, Piso 9, Consultorio 13, Col. Real San Agust\u00edn 66278 San Pedro Garza Garc\u00eda, Nuevo Le\u00f3n, M\u00e9xico.Send us a message Fill out this field Fill out this field Fill out this field Fill out this field Send us a message","protected":false},"author":1,"featured_media":0,"parent":0,"menu_order":0,"comment_status":"closed","ping_status":"closed","template":"","meta":{"_acf_changed":false,"footnotes":""},"class_list":["post-1437","page","type-page","status-publish","hentry"],"acf":[],"_links":{"self":[{"href":"https:\/\/draturner.com.mx\/us\/index.php?rest_route=\/wp\/v2\/pages\/1437","targetHints":{"allow":["GET"]}}],"collection":[{"href":"https:\/\/draturner.com.mx\/us\/index.php?rest_route=\/wp\/v2\/pages"}],"about":[{"href":"https:\/\/draturner.com.mx\/us\/index.php?rest_route=\/wp\/v2\/types\/page"}],"author":[{"embeddable":true,"href":"https:\/\/draturner.com.mx\/us\/index.php?rest_route=\/wp\/v2\/users\/1"}],"replies":[{"embeddable":true,"href":"https:\/\/draturner.com.mx\/us\/index.php?rest_route=%2Fwp%2Fv2%2Fcomments&post=1437"}],"version-history":[{"count":18,"href":"https:\/\/draturner.com.mx\/us\/index.php?rest_route=\/wp\/v2\/pages\/1437\/revisions"}],"predecessor-version":[{"id":9309,"href":"https:\/\/draturner.com.mx\/us\/index.php?rest_route=\/wp\/v2\/pages\/1437\/revisions\/9309"}],"wp:attachment":[{"href":"https:\/\/draturner.com.mx\/us\/index.php?rest_route=%2Fwp%2Fv2%2Fmedia&parent=1437"}],"curies":[{"name":"wp","href":"https:\/\/api.w.org\/{rel}","templated":true}]}}